{"id":165,"date":"2026-03-08T01:24:11","date_gmt":"2026-03-08T04:24:11","guid":{"rendered":"https:\/\/talentlylab.com.ar\/wp\/?page_id=165"},"modified":"2026-03-08T01:34:25","modified_gmt":"2026-03-08T04:34:25","slug":"alfabetizacion-digital","status":"publish","type":"page","link":"https:\/\/talentlylab.com.ar\/wp\/alfabetizacion-digital\/","title":{"rendered":"Alfabetizaci\u00f3n Digital"},"content":{"rendered":"\n<div class=\"wp-block-uagb-container uagb-block-7dc1b7fc alignfull uagb-is-root-container\"><div class=\"uagb-container-inner-blocks-wrap\">\n<div class=\"wp-block-uagb-info-box uagb-block-6ca67aaa uagb-infobox__content-wrap  uagb-infobox-icon-above-title uagb-infobox-image-valign-top\"><div class=\"uagb-ifb-content\"><div class=\"uagb-ifb-title-wrap\"><h2 class=\"uagb-ifb-title\"><strong>Alfabetizaci\u00f3n Digital<\/strong><\/h2><\/div><\/div><\/div>\n<\/div><\/div>\n\n\n\n<div class=\"wp-block-uagb-container uagb-block-a0a206b6 alignfull uagb-is-root-container\"><div class=\"uagb-container-inner-blocks-wrap\">\n<div class=\"wp-block-uagb-image uagb-block-1e96be62 wp-block-uagb-image--layout-default wp-block-uagb-image--effect-static wp-block-uagb-image--align-none\"><figure class=\"wp-block-uagb-image__figure\"><img decoding=\"async\" srcset=\"https:\/\/talentlylab.com.ar\/wp\/wp-content\/uploads\/2026\/03\/alfabetizacion-1-1024x576.png ,https:\/\/talentlylab.com.ar\/wp\/wp-content\/uploads\/2026\/03\/alfabetizacion-1.png 780w, https:\/\/talentlylab.com.ar\/wp\/wp-content\/uploads\/2026\/03\/alfabetizacion-1.png 360w\" sizes=\"auto, (max-width: 480px) 150px\" src=\"https:\/\/talentlylab.com.ar\/wp\/wp-content\/uploads\/2026\/03\/alfabetizacion-1-1024x576.png\" alt=\"\" class=\"uag-image-171\" width=\"713\" height=\"401\" title=\"alfabetizacion\" loading=\"lazy\" role=\"img\"\/><\/figure><\/div>\n\n\n\n<div class=\"wp-block-uagb-container uagb-block-6c8eced5\">\n<div class=\"wp-block-uagb-advanced-heading uagb-block-682bd229\"><h2 class=\"uagb-heading-text\">Descripci\u00f3n del curso<\/h2><p class=\"uagb-desc-text\">El curso de <strong>Alfabetizaci\u00f3n Digital<\/strong> est\u00e1 dise\u00f1ado para brindar los conocimientos fundamentales para desenvolverse con confianza en el entorno digital actual. A lo largo de las clases, aprender\u00e1s a utilizar herramientas b\u00e1sicas de la computadora, navegar por internet de forma segura, gestionar archivos, utilizar aplicaciones \u00fatiles para el trabajo y la vida cotidiana, y desarrollar habilidades digitales esenciales.<br>Este curso est\u00e1 pensado para personas que desean <strong>iniciar su camino en la tecnolog\u00eda<\/strong> o fortalecer sus habilidades digitales desde cero, mediante clases claras, pr\u00e1cticas y guiadas por docentes.<\/p><\/div>\n<\/div>\n<\/div><\/div>\n\n\n\n<div class=\"wp-block-uagb-container uagb-layout-grid uagb-block-fd5bf90a alignfull uagb-is-root-container\"><div class=\"uagb-container-inner-blocks-wrap\">\n<div class=\"wp-block-uagb-info-box uagb-block-3ce573fe uagb-infobox__content-wrap  uagb-infobox-icon-above-title uagb-infobox-image-valign-top wp-block-uagb-info-box--has-margin\"><div class=\"uagb-infobox-margin-wrapper\"><div class=\"uagb-ifb-content\"><div class=\"uagb-ifb-title-wrap\"><h2 class=\"uagb-ifb-title\">Informaci\u00f3n del curso<\/h2><\/div><\/div><\/div><\/div>\n\n\n\n<div class=\"wp-block-uagb-container uagb-block-a8763e42\">\n<div class=\"wp-block-uagb-advanced-heading uagb-block-10764d7c\"><p class=\"uagb-desc-text\"><strong>Cantidad de clases:<\/strong><br>15 clases totales<br><strong>Duraci\u00f3n del acceso:<\/strong><br>Acceso al curso durante <strong>3 meses<\/strong> desde la inscripci\u00f3n.<br><strong>Certificaci\u00f3n:<\/strong><br>Al finalizar el curso recibir\u00e1s un <strong>certificado de participaci\u00f3n<\/strong>.<\/p><\/div>\n<\/div>\n<\/div><\/div>\n\n\n\n<div class=\"wp-block-uagb-container uagb-layout-grid uagb-block-fd5bf90a alignfull uagb-is-root-container\"><div class=\"uagb-container-inner-blocks-wrap\">\n<div class=\"wp-block-uagb-info-box uagb-block-e360cc5b uagb-infobox__content-wrap  uagb-infobox-icon-above-title uagb-infobox-image-valign-top wp-block-uagb-info-box--has-margin\"><div class=\"uagb-infobox-margin-wrapper\"><div class=\"uagb-ifb-content\"><div class=\"uagb-ifb-title-wrap\"><h2 class=\"uagb-ifb-title\">Modalidad<\/h2><\/div><\/div><\/div><\/div>\n\n\n\n<div class=\"wp-block-uagb-container uagb-block-a8763e42\">\n<div class=\"wp-block-uagb-advanced-heading uagb-block-10764d7c\"><p class=\"uagb-desc-text\">&#8211; Clases pr\u00e1cticas y te\u00f3ricas as\u00edncronas (Grabadas)<br>&#8211; Material de apoyo incluido<br>&#8211; Acceso al Discord de la comunidad con mentores especializados que responden sus consultas.<br>&#8211; Acceso al contenido completo durante 3 meses<br>&#8211; Certificado al finalizar<\/p><\/div>\n<\/div>\n<\/div><\/div>\n\n\n\n<div class=\"wp-block-uagb-container uagb-layout-grid uagb-block-a17af712 alignfull uagb-is-root-container\"><div class=\"uagb-container-inner-blocks-wrap\">\n<div class=\"wp-block-uagb-info-box uagb-block-548be089 uagb-infobox__content-wrap  uagb-infobox-icon-above-title uagb-infobox-image-valign-top wp-block-uagb-info-box--has-margin\"><div class=\"uagb-infobox-margin-wrapper\"><div class=\"uagb-ifb-content\"><div class=\"uagb-ifb-title-wrap\"><h2 class=\"uagb-ifb-title\">Precio<\/h2><\/div><\/div><\/div><\/div>\n\n\n\n<div class=\"wp-block-uagb-container uagb-block-1d2dc53c\">\n<div class=\"wp-block-uagb-advanced-heading uagb-block-13e984b8\"><\/div>\n\n\n\n<p>Para conocer el precio y recibir m\u00e1s informaci\u00f3n sobre el curso, pod\u00e9s comunicarte con nosotros por WhatsApp.<\/p>\n\n\n\n<div class=\"wp-block-buttons is-layout-flex wp-block-buttons-is-layout-flex\">\n<div class=\"wp-block-button\"><a class=\"wp-block-button__link wp-element-button\">Precio<\/a><\/div>\n<\/div>\n<\/div>\n<\/div><\/div>\n\n\n\n<p><\/p>\n","protected":false},"excerpt":{"rendered":"<p>Descripci\u00f3n del curso El curso de Alfabetizaci\u00f3n Digital est\u00e1 dise\u00f1ado para brindar los conocimientos fundamentales para desenvolverse con confianza en [&hellip;]<\/p>\n","protected":false},"author":1,"featured_media":0,"parent":0,"menu_order":0,"comment_status":"closed","ping_status":"closed","template":"","meta":{"_uag_custom_page_level_css":"","site-sidebar-layout":"default","site-content-layout":"","ast-site-content-layout":"default","site-content-style":"default","site-sidebar-style":"default","ast-global-header-display":"","ast-banner-title-visibility":"","ast-main-header-display":"","ast-hfb-above-header-display":"","ast-hfb-below-header-display":"","ast-hfb-mobile-header-display":"","site-post-title":"disabled","ast-breadcrumbs-content":"","ast-featured-img":"","footer-sml-layout":"","ast-disable-related-posts":"","theme-transparent-header-meta":"","adv-header-id-meta":"","stick-header-meta":"","header-above-stick-meta":"","header-main-stick-meta":"","header-below-stick-meta":"","astra-migrate-meta-layouts":"default","ast-page-background-enabled":"default","ast-page-background-meta":{"desktop":{"background-color":"var(--ast-global-color-5)","background-image":"","background-repeat":"repeat","background-position":"center center","background-size":"auto","background-attachment":"scroll","background-type":"","background-media":"","overlay-type":"","overlay-color":"","overlay-opacity":"","overlay-gradient":""},"tablet":{"background-color":"","background-image":"","background-repeat":"repeat","background-position":"center center","background-size":"auto","background-attachment":"scroll","background-type":"","background-media":"","overlay-type":"","overlay-color":"","overlay-opacity":"","overlay-gradient":""},"mobile":{"background-color":"","background-image":"","background-repeat":"repeat","background-position":"center center","background-size":"auto","background-attachment":"scroll","background-type":"","background-media":"","overlay-type":"","overlay-color":"","overlay-opacity":"","overlay-gradient":""}},"ast-content-background-meta":{"desktop":{"background-color":"var(--ast-global-color-4)","background-image":"","background-repeat":"repeat","background-position":"center center","background-size":"auto","background-attachment":"scroll","background-type":"","background-media":"","overlay-type":"","overlay-color":"","overlay-opacity":"","overlay-gradient":""},"tablet":{"background-color":"var(--ast-global-color-4)","background-image":"","background-repeat":"repeat","background-position":"center center","background-size":"auto","background-attachment":"scroll","background-type":"","background-media":"","overlay-type":"","overlay-color":"","overlay-opacity":"","overlay-gradient":""},"mobile":{"background-color":"var(--ast-global-color-4)","background-image":"","background-repeat":"repeat","background-position":"center center","background-size":"auto","background-attachment":"scroll","background-type":"","background-media":"","overlay-type":"","overlay-color":"","overlay-opacity":"","overlay-gradient":""}},"footnotes":""},"class_list":["post-165","page","type-page","status-publish","hentry"],"uagb_featured_image_src":{"full":false,"thumbnail":false,"medium":false,"medium_large":false,"large":false,"1536x1536":false,"2048x2048":false},"uagb_author_info":{"display_name":"berni","author_link":"https:\/\/talentlylab.com.ar\/wp\/author\/berni\/"},"uagb_comment_info":0,"uagb_excerpt":"Descripci\u00f3n del curso El curso de Alfabetizaci\u00f3n Digital est\u00e1 dise\u00f1ado para brindar los conocimientos fundamentales para desenvolverse con confianza en [&hellip;]","_links":{"self":[{"href":"https:\/\/talentlylab.com.ar\/wp\/wp-json\/wp\/v2\/pages\/165","targetHints":{"allow":["GET"]}}],"collection":[{"href":"https:\/\/talentlylab.com.ar\/wp\/wp-json\/wp\/v2\/pages"}],"about":[{"href":"https:\/\/talentlylab.com.ar\/wp\/wp-json\/wp\/v2\/types\/page"}],"author":[{"embeddable":true,"href":"https:\/\/talentlylab.com.ar\/wp\/wp-json\/wp\/v2\/users\/1"}],"replies":[{"embeddable":true,"href":"https:\/\/talentlylab.com.ar\/wp\/wp-json\/wp\/v2\/comments?post=165"}],"version-history":[{"count":5,"href":"https:\/\/talentlylab.com.ar\/wp\/wp-json\/wp\/v2\/pages\/165\/revisions"}],"predecessor-version":[{"id":232,"href":"https:\/\/talentlylab.com.ar\/wp\/wp-json\/wp\/v2\/pages\/165\/revisions\/232"}],"wp:attachment":[{"href":"https:\/\/talentlylab.com.ar\/wp\/wp-json\/wp\/v2\/media?parent=165"}],"curies":[{"name":"wp","href":"https:\/\/api.w.org\/{rel}","templated":true}]}}