{"id":231,"date":"2026-03-08T22:58:27","date_gmt":"2026-03-09T01:58:27","guid":{"rendered":"https:\/\/talentlylab.com.ar\/wp\/?page_id=231"},"modified":"2026-03-08T23:24:53","modified_gmt":"2026-03-09T02:24:53","slug":"guia-de-proyecto-individual-fintrack-python","status":"publish","type":"page","link":"https:\/\/talentlylab.com.ar\/wp\/guia-de-proyecto-individual-fintrack-python\/","title":{"rendered":"Gu\u00eda de Proyecto Individual: Fintrack (Python)"},"content":{"rendered":"\n<div class=\"wp-block-uagb-container uagb-block-7dc1b7fc alignfull uagb-is-root-container\"><div class=\"uagb-container-inner-blocks-wrap\">\n<div class=\"wp-block-uagb-info-box uagb-block-6ca67aaa uagb-infobox__content-wrap  uagb-infobox-icon-above-title uagb-infobox-image-valign-top\"><div class=\"uagb-ifb-content\"><div class=\"uagb-ifb-title-wrap\"><h2 class=\"uagb-ifb-title\"><strong>Gu\u00eda de Proyecto Individual: Fintrack (Python)<\/strong><\/h2><\/div><\/div><\/div>\n<\/div><\/div>\n\n\n\n<div class=\"wp-block-uagb-container uagb-block-a0a206b6 alignfull uagb-is-root-container\"><div class=\"uagb-container-inner-blocks-wrap\">\n<div class=\"wp-block-uagb-image uagb-block-1e96be62 wp-block-uagb-image--layout-default wp-block-uagb-image--effect-static wp-block-uagb-image--align-none\"><figure class=\"wp-block-uagb-image__figure\"><img decoding=\"async\" srcset=\"https:\/\/talentlylab.com.ar\/wp\/wp-content\/uploads\/2026\/03\/FINTRACK-1-1024x571.png ,https:\/\/talentlylab.com.ar\/wp\/wp-content\/uploads\/2026\/03\/FINTRACK-1.png 780w, https:\/\/talentlylab.com.ar\/wp\/wp-content\/uploads\/2026\/03\/FINTRACK-1.png 360w\" sizes=\"auto, (max-width: 480px) 150px\" src=\"https:\/\/talentlylab.com.ar\/wp\/wp-content\/uploads\/2026\/03\/FINTRACK-1-1024x571.png\" alt=\"\" class=\"uag-image-233\" width=\"686\" height=\"383\" title=\"FINTRACK\" loading=\"lazy\" role=\"img\"\/><\/figure><\/div>\n\n\n\n<div class=\"wp-block-uagb-container uagb-block-6c8eced5\">\n<div class=\"wp-block-uagb-advanced-heading uagb-block-682bd229\"><h2 class=\"uagb-heading-text\">Descripci\u00f3n de la gu\u00eda <\/h2><p class=\"uagb-desc-text\">Esta <strong>gu\u00eda de proyecto individual<\/strong> propone el desarrollo de una aplicaci\u00f3n completa en Python para gestionar gastos personales. A trav\u00e9s de un caso ficticio basado en una empresa del sector fintech, los participantes trabajar\u00e1n en el dise\u00f1o y desarrollo de un sistema que permita registrar, organizar y analizar gastos diarios.<br>El proyecto est\u00e1 pensado para aplicar conocimientos de programaci\u00f3n, l\u00f3gica de procesamiento de datos y organizaci\u00f3n de c\u00f3digo, simulando un flujo de trabajo similar al de un proyecto real dentro de una empresa tecnol\u00f3gica.<br>A lo largo de la gu\u00eda se desarrollar\u00e1n distintas etapas del proyecto, desde el an\u00e1lisis del problema hasta la documentaci\u00f3n final y publicaci\u00f3n del repositorio.<\/p><\/div>\n<\/div>\n<\/div><\/div>\n\n\n\n<div class=\"wp-block-uagb-container uagb-layout-grid uagb-block-fd5bf90a alignfull uagb-is-root-container\"><div class=\"uagb-container-inner-blocks-wrap\">\n<div class=\"wp-block-uagb-info-box uagb-block-3ce573fe uagb-infobox__content-wrap  uagb-infobox-icon-above-title uagb-infobox-image-valign-top wp-block-uagb-info-box--has-margin\"><div class=\"uagb-infobox-margin-wrapper\"><div class=\"uagb-ifb-content\"><div class=\"uagb-ifb-title-wrap\"><h2 class=\"uagb-ifb-title\">Informaci\u00f3n de la gu\u00eda <\/h2><\/div><\/div><\/div><\/div>\n\n\n\n<div class=\"wp-block-uagb-container uagb-block-a8763e42\">\n<div class=\"wp-block-uagb-advanced-heading uagb-block-10764d7c\"><p class=\"uagb-desc-text\"><strong>Tipo de proyecto:<\/strong><br>Gu\u00eda de proyecto individual<br><strong>Duraci\u00f3n estimada:<\/strong><br>18 horas de desarrollo<br><strong>Modalidad:<\/strong><br>Gu\u00eda pr\u00e1ctica paso a paso con actividades de desarrollo.<br><strong>Duraci\u00f3n del acceso:<\/strong><br>Acceso al contenido durante <strong>3 meses<\/strong> desde la inscripci\u00f3n.<br><strong>Certificaci\u00f3n:<\/strong><br>Incluye <strong>certificado de participaci\u00f3n<\/strong> al completar el proyecto.<\/p><\/div>\n<\/div>\n<\/div><\/div>\n\n\n\n<div class=\"wp-block-uagb-container uagb-layout-grid uagb-block-fd5bf90a alignfull uagb-is-root-container\"><div class=\"uagb-container-inner-blocks-wrap\">\n<div class=\"wp-block-uagb-info-box uagb-block-360c3f8a uagb-infobox__content-wrap  uagb-infobox-icon-above-title uagb-infobox-image-valign-top wp-block-uagb-info-box--has-margin\"><div class=\"uagb-infobox-margin-wrapper\"><div class=\"uagb-ifb-content\"><div class=\"uagb-ifb-title-wrap\"><h2 class=\"uagb-ifb-title\">Qu\u00e9 vas a desarrollar<\/h2><\/div><\/div><\/div><\/div>\n\n\n\n<div class=\"wp-block-uagb-container uagb-block-a8763e42\">\n<div class=\"wp-block-uagb-advanced-heading uagb-block-10764d7c\"><p class=\"uagb-desc-text\">Durante el proyecto crear\u00e1s una aplicaci\u00f3n que permita:<br>&#8211; Registrar gastos diarios<br>&#8211; Clasificar gastos por categor\u00eda<br>&#8211; Consultar gastos por fecha o categor\u00eda<br>&#8211; Calcular totales mensuales<br>&#8211; Eliminar registros<br>&#8211; Guardar informaci\u00f3n en archivos <code>.csv<\/code><br>El sistema se desarrollar\u00e1 como una <strong>aplicaci\u00f3n de consola en Python<\/strong>, enfocada en simplicidad, organizaci\u00f3n de c\u00f3digo y manejo de datos.<\/p><\/div>\n<\/div>\n<\/div><\/div>\n\n\n\n<div class=\"wp-block-uagb-container uagb-layout-grid uagb-block-06622fdd alignfull uagb-is-root-container\"><div class=\"uagb-container-inner-blocks-wrap\">\n<div class=\"wp-block-uagb-info-box uagb-block-00ad8d4d uagb-infobox__content-wrap  uagb-infobox-icon-above-title uagb-infobox-image-valign-top wp-block-uagb-info-box--has-margin\"><div class=\"uagb-infobox-margin-wrapper\"><div class=\"uagb-ifb-content\"><div class=\"uagb-ifb-title-wrap\"><h2 class=\"uagb-ifb-title\">Habilidades que vas a desarrollar<br><\/h2><\/div><\/div><\/div><\/div>\n\n\n\n<p>\u2013 L\u00f3gica de programaci\u00f3n<br>\u2013 Manejo de datos en Python<br>\u2013 Programaci\u00f3n orientada a objetos (POO)<br>\u2013 Lectura y escritura de archivos<br>\u2013 Manejo de excepciones<br>\u2013 Organizaci\u00f3n de proyectos de software<br>\u2013 Uso b\u00e1sico de Git y GitHub<\/p>\n<\/div><\/div>\n\n\n\n<div class=\"wp-block-uagb-container uagb-layout-grid uagb-block-a17af712 alignfull uagb-is-root-container\"><div class=\"uagb-container-inner-blocks-wrap\">\n<div class=\"wp-block-uagb-info-box uagb-block-548be089 uagb-infobox__content-wrap  uagb-infobox-icon-above-title uagb-infobox-image-valign-top wp-block-uagb-info-box--has-margin\"><div class=\"uagb-infobox-margin-wrapper\"><div class=\"uagb-ifb-content\"><div class=\"uagb-ifb-title-wrap\"><h2 class=\"uagb-ifb-title\">Precio<\/h2><\/div><\/div><\/div><\/div>\n\n\n\n<div class=\"wp-block-uagb-container uagb-block-1d2dc53c\">\n<div class=\"wp-block-uagb-advanced-heading uagb-block-13e984b8\"><\/div>\n\n\n\n<p>Para conocer el precio y recibir m\u00e1s informaci\u00f3n sobre el curso, pod\u00e9s comunicarte con nosotros por WhatsApp.<\/p>\n\n\n\n<div class=\"wp-block-buttons is-layout-flex wp-block-buttons-is-layout-flex\">\n<div class=\"wp-block-button\"><a class=\"wp-block-button__link wp-element-button\">Precio<\/a><\/div>\n<\/div>\n<\/div>\n<\/div><\/div>\n","protected":false},"excerpt":{"rendered":"<p>Descripci\u00f3n de la gu\u00eda Esta gu\u00eda de proyecto individual propone el desarrollo de una aplicaci\u00f3n completa en Python para gestionar [&hellip;]<\/p>\n","protected":false},"author":1,"featured_media":0,"parent":0,"menu_order":0,"comment_status":"closed","ping_status":"closed","template":"","meta":{"_uag_custom_page_level_css":"","site-sidebar-layout":"default","site-content-layout":"","ast-site-content-layout":"default","site-content-style":"default","site-sidebar-style":"default","ast-global-header-display":"","ast-banner-title-visibility":"","ast-main-header-display":"","ast-hfb-above-header-display":"","ast-hfb-below-header-display":"","ast-hfb-mobile-header-display":"","site-post-title":"disabled","ast-breadcrumbs-content":"","ast-featured-img":"","footer-sml-layout":"","ast-disable-related-posts":"","theme-transparent-header-meta":"","adv-header-id-meta":"","stick-header-meta":"","header-above-stick-meta":"","header-main-stick-meta":"","header-below-stick-meta":"","astra-migrate-meta-layouts":"default","ast-page-background-enabled":"default","ast-page-background-meta":{"desktop":{"background-color":"var(--ast-global-color-5)","background-image":"","background-repeat":"repeat","background-position":"center center","background-size":"auto","background-attachment":"scroll","background-type":"","background-media":"","overlay-type":"","overlay-color":"","overlay-opacity":"","overlay-gradient":""},"tablet":{"background-color":"","background-image":"","background-repeat":"repeat","background-position":"center center","background-size":"auto","background-attachment":"scroll","background-type":"","background-media":"","overlay-type":"","overlay-color":"","overlay-opacity":"","overlay-gradient":""},"mobile":{"background-color":"","background-image":"","background-repeat":"repeat","background-position":"center center","background-size":"auto","background-attachment":"scroll","background-type":"","background-media":"","overlay-type":"","overlay-color":"","overlay-opacity":"","overlay-gradient":""}},"ast-content-background-meta":{"desktop":{"background-color":"var(--ast-global-color-4)","background-image":"","background-repeat":"repeat","background-position":"center center","background-size":"auto","background-attachment":"scroll","background-type":"","background-media":"","overlay-type":"","overlay-color":"","overlay-opacity":"","overlay-gradient":""},"tablet":{"background-color":"var(--ast-global-color-4)","background-image":"","background-repeat":"repeat","background-position":"center center","background-size":"auto","background-attachment":"scroll","background-type":"","background-media":"","overlay-type":"","overlay-color":"","overlay-opacity":"","overlay-gradient":""},"mobile":{"background-color":"var(--ast-global-color-4)","background-image":"","background-repeat":"repeat","background-position":"center center","background-size":"auto","background-attachment":"scroll","background-type":"","background-media":"","overlay-type":"","overlay-color":"","overlay-opacity":"","overlay-gradient":""}},"footnotes":""},"class_list":["post-231","page","type-page","status-publish","hentry"],"uagb_featured_image_src":{"full":false,"thumbnail":false,"medium":false,"medium_large":false,"large":false,"1536x1536":false,"2048x2048":false},"uagb_author_info":{"display_name":"berni","author_link":"https:\/\/talentlylab.com.ar\/wp\/author\/berni\/"},"uagb_comment_info":0,"uagb_excerpt":"Descripci\u00f3n de la gu\u00eda Esta gu\u00eda de proyecto individual propone el desarrollo de una aplicaci\u00f3n completa en Python para gestionar [&hellip;]","_links":{"self":[{"href":"https:\/\/talentlylab.com.ar\/wp\/wp-json\/wp\/v2\/pages\/231","targetHints":{"allow":["GET"]}}],"collection":[{"href":"https:\/\/talentlylab.com.ar\/wp\/wp-json\/wp\/v2\/pages"}],"about":[{"href":"https:\/\/talentlylab.com.ar\/wp\/wp-json\/wp\/v2\/types\/page"}],"author":[{"embeddable":true,"href":"https:\/\/talentlylab.com.ar\/wp\/wp-json\/wp\/v2\/users\/1"}],"replies":[{"embeddable":true,"href":"https:\/\/talentlylab.com.ar\/wp\/wp-json\/wp\/v2\/comments?post=231"}],"version-history":[{"count":3,"href":"https:\/\/talentlylab.com.ar\/wp\/wp-json\/wp\/v2\/pages\/231\/revisions"}],"predecessor-version":[{"id":254,"href":"https:\/\/talentlylab.com.ar\/wp\/wp-json\/wp\/v2\/pages\/231\/revisions\/254"}],"wp:attachment":[{"href":"https:\/\/talentlylab.com.ar\/wp\/wp-json\/wp\/v2\/media?parent=231"}],"curies":[{"name":"wp","href":"https:\/\/api.w.org\/{rel}","templated":true}]}}