{"id":241,"date":"2026-03-08T23:14:07","date_gmt":"2026-03-09T02:14:07","guid":{"rendered":"https:\/\/talentlylab.com.ar\/wp\/?page_id=241"},"modified":"2026-03-08T23:21:45","modified_gmt":"2026-03-09T02:21:45","slug":"guia-de-proyecto-individual-nexashop-s-a-front-end","status":"publish","type":"page","link":"https:\/\/talentlylab.com.ar\/wp\/guia-de-proyecto-individual-nexashop-s-a-front-end\/","title":{"rendered":"Gu\u00eda de Proyecto Individual: NexaShop S.A (Front End)"},"content":{"rendered":"\n<div class=\"wp-block-uagb-container uagb-block-7dc1b7fc alignfull uagb-is-root-container\"><div class=\"uagb-container-inner-blocks-wrap\">\n<div class=\"wp-block-uagb-info-box uagb-block-6ca67aaa uagb-infobox__content-wrap  uagb-infobox-icon-above-title uagb-infobox-image-valign-top\"><div class=\"uagb-ifb-content\"><div class=\"uagb-ifb-title-wrap\"><h2 class=\"uagb-ifb-title\"><strong>Gu\u00eda de Proyecto Individual: NexaShop S.A (Front End)<\/strong><\/h2><\/div><\/div><\/div>\n<\/div><\/div>\n\n\n\n<div class=\"wp-block-uagb-container uagb-block-a0a206b6 alignfull uagb-is-root-container\"><div class=\"uagb-container-inner-blocks-wrap\">\n<div class=\"wp-block-uagb-image uagb-block-1e96be62 wp-block-uagb-image--layout-default wp-block-uagb-image--effect-static wp-block-uagb-image--align-none\"><figure class=\"wp-block-uagb-image__figure\"><img decoding=\"async\" srcset=\"https:\/\/talentlylab.com.ar\/wp\/wp-content\/uploads\/2026\/03\/nexa-1-1024x572.png ,https:\/\/talentlylab.com.ar\/wp\/wp-content\/uploads\/2026\/03\/nexa-1.png 780w, https:\/\/talentlylab.com.ar\/wp\/wp-content\/uploads\/2026\/03\/nexa-1.png 360w\" sizes=\"auto, (max-width: 480px) 150px\" src=\"https:\/\/talentlylab.com.ar\/wp\/wp-content\/uploads\/2026\/03\/nexa-1-1024x572.png\" alt=\"\" class=\"uag-image-242\" width=\"706\" height=\"393\" title=\"nexa\" loading=\"lazy\" role=\"img\"\/><\/figure><\/div>\n\n\n\n<div class=\"wp-block-uagb-container uagb-block-6c8eced5\">\n<div class=\"wp-block-uagb-advanced-heading uagb-block-682bd229\"><h2 class=\"uagb-heading-text\">Descripci\u00f3n de la gu\u00eda <\/h2><p class=\"uagb-desc-text\">Esta <strong>gu\u00eda de proyecto<\/strong> propone el desarrollo completo de una tienda online utilizando <strong>React y JavaScript moderno<\/strong>, simulando un proyecto real solicitado por una empresa de e-commerce ficticia llamada <strong>NexaShop<\/strong>.<br>A lo largo del proyecto se construir\u00e1 una aplicaci\u00f3n web tipo <strong>Single Page Application (SPA)<\/strong> que permitir\u00e1 explorar un cat\u00e1logo de productos, filtrarlos por categor\u00eda o precio, visualizar el detalle de cada producto y gestionar un carrito de compras.<br>El objetivo de la gu\u00eda es que el estudiante desarrolle una aplicaci\u00f3n realista de comercio electr\u00f3nico aplicando buenas pr\u00e1cticas de desarrollo Front End, arquitectura de componentes y consumo de APIs.<\/p><\/div>\n<\/div>\n<\/div><\/div>\n\n\n\n<div class=\"wp-block-uagb-container uagb-layout-grid uagb-block-fd5bf90a alignfull uagb-is-root-container\"><div class=\"uagb-container-inner-blocks-wrap\">\n<div class=\"wp-block-uagb-info-box uagb-block-3ce573fe uagb-infobox__content-wrap  uagb-infobox-icon-above-title uagb-infobox-image-valign-top wp-block-uagb-info-box--has-margin\"><div class=\"uagb-infobox-margin-wrapper\"><div class=\"uagb-ifb-content\"><div class=\"uagb-ifb-title-wrap\"><h2 class=\"uagb-ifb-title\">Informaci\u00f3n de la gu\u00eda <\/h2><\/div><\/div><\/div><\/div>\n\n\n\n<div class=\"wp-block-uagb-container uagb-block-a8763e42\">\n<div class=\"wp-block-uagb-advanced-heading uagb-block-10764d7c\"><p class=\"uagb-desc-text\"><strong>Tipo de proyecto:<\/strong><br>Gu\u00eda de proyecto individual<br><strong>Duraci\u00f3n estimada:<\/strong><br>72 horas de desarrollo<br><strong>Nivel:<\/strong><br>Intermedio (Front End)<br><strong>Modalidad:<\/strong><br>Gu\u00eda pr\u00e1ctica paso a paso con desarrollo de una aplicaci\u00f3n completa.<br><strong>Duraci\u00f3n del acceso:<\/strong><br>Acceso al contenido durante <strong>3 meses<\/strong> desde la inscripci\u00f3n.<br><strong>Certificaci\u00f3n:<\/strong><br>Incluye <strong>certificado de participaci\u00f3n<\/strong> al completar el proyecto.<\/p><\/div>\n<\/div>\n<\/div><\/div>\n\n\n\n<div class=\"wp-block-uagb-container uagb-layout-grid uagb-block-fd5bf90a alignfull uagb-is-root-container\"><div class=\"uagb-container-inner-blocks-wrap\">\n<div class=\"wp-block-uagb-info-box uagb-block-8173dd5d uagb-infobox__content-wrap  uagb-infobox-icon-above-title uagb-infobox-image-valign-top wp-block-uagb-info-box--has-margin\"><div class=\"uagb-infobox-margin-wrapper\"><div class=\"uagb-ifb-content\"><div class=\"uagb-ifb-title-wrap\"><h2 class=\"uagb-ifb-title\">Qu\u00e9 vas a desarrollar<\/h2><\/div><\/div><\/div><\/div>\n\n\n\n<div class=\"wp-block-uagb-container uagb-block-a8763e42\">\n<div class=\"wp-block-uagb-advanced-heading uagb-block-10764d7c\"><p class=\"uagb-desc-text\">Durante este proyecto construir\u00e1s una <strong>tienda online funcional<\/strong> que permita:<br>&#8211; Explorar un cat\u00e1logo de productos<br>&#8211; Filtrar productos por categor\u00eda y precio<br>&#8211; Buscar productos por nombre<br>&#8211; Ver el detalle completo de cada producto<br>&#8211; Gestionar un carrito de compras<br>&#8211; Navegar entre p\u00e1ginas con React Router<br>&#8211; Consumir datos reales desde una API p\u00fablica<br>&#8211; Deployar la aplicaci\u00f3n en producci\u00f3n<br>El proyecto final ser\u00e1 una <strong>aplicaci\u00f3n web deployada<\/strong> y publicada en internet.<\/p><\/div>\n<\/div>\n<\/div><\/div>\n\n\n\n<div class=\"wp-block-uagb-container uagb-layout-grid uagb-block-fd5bf90a alignfull uagb-is-root-container\"><div class=\"uagb-container-inner-blocks-wrap\">\n<div class=\"wp-block-uagb-info-box uagb-block-2b5caf3b uagb-infobox__content-wrap  uagb-infobox-icon-above-title uagb-infobox-image-valign-top wp-block-uagb-info-box--has-margin\"><div class=\"uagb-infobox-margin-wrapper\"><div class=\"uagb-ifb-content\"><div class=\"uagb-ifb-title-wrap\"><h2 class=\"uagb-ifb-title\">Tecnolog\u00edas que vas a utilizar<\/h2><\/div><\/div><\/div><\/div>\n\n\n\n<div class=\"wp-block-uagb-container uagb-block-a8763e42\">\n<div class=\"wp-block-uagb-advanced-heading uagb-block-10764d7c\"><p class=\"uagb-desc-text\">&#8211; HTML5<br>&#8211; CSS3 (Flexbox y Grid)<br>&#8211; JavaScript ES6+<br>&#8211; React<br>&#8211; React Router<br>&#8211; Context API<br>&#8211; FakeStoreAPI (API REST)<br>&#8211; Git y GitHub<br>&#8211; Vercel o Netlify para deploy<\/p><\/div>\n<\/div>\n<\/div><\/div>\n\n\n\n<div class=\"wp-block-uagb-container uagb-layout-grid uagb-block-a17af712 alignfull uagb-is-root-container\"><div class=\"uagb-container-inner-blocks-wrap\">\n<div class=\"wp-block-uagb-info-box uagb-block-548be089 uagb-infobox__content-wrap  uagb-infobox-icon-above-title uagb-infobox-image-valign-top wp-block-uagb-info-box--has-margin\"><div class=\"uagb-infobox-margin-wrapper\"><div class=\"uagb-ifb-content\"><div class=\"uagb-ifb-title-wrap\"><h2 class=\"uagb-ifb-title\">Precio<\/h2><\/div><\/div><\/div><\/div>\n\n\n\n<div class=\"wp-block-uagb-container uagb-block-1d2dc53c\">\n<div class=\"wp-block-uagb-advanced-heading uagb-block-13e984b8\"><\/div>\n\n\n\n<p>Para conocer el precio y recibir m\u00e1s informaci\u00f3n sobre el curso, pod\u00e9s comunicarte con nosotros por WhatsApp.<\/p>\n\n\n\n<div class=\"wp-block-buttons is-layout-flex wp-block-buttons-is-layout-flex\">\n<div class=\"wp-block-button\"><a class=\"wp-block-button__link wp-element-button\">Precio<\/a><\/div>\n<\/div>\n<\/div>\n<\/div><\/div>\n","protected":false},"excerpt":{"rendered":"<p>Descripci\u00f3n de la gu\u00eda Esta gu\u00eda de proyecto propone el desarrollo completo de una tienda online utilizando React y JavaScript [&hellip;]<\/p>\n","protected":false},"author":1,"featured_media":0,"parent":0,"menu_order":0,"comment_status":"closed","ping_status":"closed","template":"","meta":{"_uag_custom_page_level_css":"","site-sidebar-layout":"default","site-content-layout":"","ast-site-content-layout":"default","site-content-style":"default","site-sidebar-style":"default","ast-global-header-display":"","ast-banner-title-visibility":"","ast-main-header-display":"","ast-hfb-above-header-display":"","ast-hfb-below-header-display":"","ast-hfb-mobile-header-display":"","site-post-title":"disabled","ast-breadcrumbs-content":"","ast-featured-img":"","footer-sml-layout":"","ast-disable-related-posts":"","theme-transparent-header-meta":"","adv-header-id-meta":"","stick-header-meta":"","header-above-stick-meta":"","header-main-stick-meta":"","header-below-stick-meta":"","astra-migrate-meta-layouts":"default","ast-page-background-enabled":"default","ast-page-background-meta":{"desktop":{"background-color":"var(--ast-global-color-5)","background-image":"","background-repeat":"repeat","background-position":"center center","background-size":"auto","background-attachment":"scroll","background-type":"","background-media":"","overlay-type":"","overlay-color":"","overlay-opacity":"","overlay-gradient":""},"tablet":{"background-color":"","background-image":"","background-repeat":"repeat","background-position":"center center","background-size":"auto","background-attachment":"scroll","background-type":"","background-media":"","overlay-type":"","overlay-color":"","overlay-opacity":"","overlay-gradient":""},"mobile":{"background-color":"","background-image":"","background-repeat":"repeat","background-position":"center center","background-size":"auto","background-attachment":"scroll","background-type":"","background-media":"","overlay-type":"","overlay-color":"","overlay-opacity":"","overlay-gradient":""}},"ast-content-background-meta":{"desktop":{"background-color":"var(--ast-global-color-4)","background-image":"","background-repeat":"repeat","background-position":"center center","background-size":"auto","background-attachment":"scroll","background-type":"","background-media":"","overlay-type":"","overlay-color":"","overlay-opacity":"","overlay-gradient":""},"tablet":{"background-color":"var(--ast-global-color-4)","background-image":"","background-repeat":"repeat","background-position":"center center","background-size":"auto","background-attachment":"scroll","background-type":"","background-media":"","overlay-type":"","overlay-color":"","overlay-opacity":"","overlay-gradient":""},"mobile":{"background-color":"var(--ast-global-color-4)","background-image":"","background-repeat":"repeat","background-position":"center center","background-size":"auto","background-attachment":"scroll","background-type":"","background-media":"","overlay-type":"","overlay-color":"","overlay-opacity":"","overlay-gradient":""}},"footnotes":""},"class_list":["post-241","page","type-page","status-publish","hentry"],"uagb_featured_image_src":{"full":false,"thumbnail":false,"medium":false,"medium_large":false,"large":false,"1536x1536":false,"2048x2048":false},"uagb_author_info":{"display_name":"berni","author_link":"https:\/\/talentlylab.com.ar\/wp\/author\/berni\/"},"uagb_comment_info":0,"uagb_excerpt":"Descripci\u00f3n de la gu\u00eda Esta gu\u00eda de proyecto propone el desarrollo completo de una tienda online utilizando React y JavaScript [&hellip;]","_links":{"self":[{"href":"https:\/\/talentlylab.com.ar\/wp\/wp-json\/wp\/v2\/pages\/241","targetHints":{"allow":["GET"]}}],"collection":[{"href":"https:\/\/talentlylab.com.ar\/wp\/wp-json\/wp\/v2\/pages"}],"about":[{"href":"https:\/\/talentlylab.com.ar\/wp\/wp-json\/wp\/v2\/types\/page"}],"author":[{"embeddable":true,"href":"https:\/\/talentlylab.com.ar\/wp\/wp-json\/wp\/v2\/users\/1"}],"replies":[{"embeddable":true,"href":"https:\/\/talentlylab.com.ar\/wp\/wp-json\/wp\/v2\/comments?post=241"}],"version-history":[{"count":3,"href":"https:\/\/talentlylab.com.ar\/wp\/wp-json\/wp\/v2\/pages\/241\/revisions"}],"predecessor-version":[{"id":250,"href":"https:\/\/talentlylab.com.ar\/wp\/wp-json\/wp\/v2\/pages\/241\/revisions\/250"}],"wp:attachment":[{"href":"https:\/\/talentlylab.com.ar\/wp\/wp-json\/wp\/v2\/media?parent=241"}],"curies":[{"name":"wp","href":"https:\/\/api.w.org\/{rel}","templated":true}]}}